{"id":29917,"date":"2024-02-20T16:51:34","date_gmt":"2024-02-20T15:51:34","guid":{"rendered":"https:\/\/www.photo911.fr\/caen-bmx-indoor-2023-salon-des-sports-urbains-aftermovie-official\/"},"modified":"2024-05-22T15:59:46","modified_gmt":"2024-05-22T13:59:46","slug":"caen-bmx-indoor-2023-salon-des-sports-urbains-aftermovie-official","status":"publish","type":"page","link":"https:\/\/www.photo911.fr\/en\/caen-bmx-indoor-2023-salon-des-sports-urbains-aftermovie-official\/","title":{"rendered":"Caen Bmx Indoor 2023 &amp; Salon des Sports Urbains &#8211; Aftermovie &#8211; Official"},"content":{"rendered":"\t\t<div data-elementor-type=\"wp-page\" data-elementor-id=\"29917\" class=\"elementor elementor-29917 elementor-23087\" data-elementor-settings=\"{&quot;element_pack_global_tooltip_width&quot;:{&quot;unit&quot;:&quot;px&quot;,&quot;size&quot;:&quot;&quot;,&quot;sizes&quot;:[]},&quot;element_pack_global_tooltip_width_tablet&quot;:{&quot;unit&quot;:&quot;px&quot;,&quot;size&quot;:&quot;&quot;,&quot;sizes&quot;:[]},&quot;element_pack_global_tooltip_width_mobile&quot;:{&quot;unit&quot;:&quot;px&quot;,&quot;size&quot;:&quot;&quot;,&quot;sizes&quot;:[]},&quot;element_pack_global_tooltip_padding&quot;:{&quot;unit&quot;:&quot;px&quot;,&quot;top&quot;:&quot;&quot;,&quot;right&quot;:&quot;&quot;,&quot;bottom&quot;:&quot;&quot;,&quot;left&quot;:&quot;&quot;,&quot;isLinked&quot;:true},&quot;element_pack_global_tooltip_padding_tablet&quot;:{&quot;unit&quot;:&quot;px&quot;,&quot;top&quot;:&quot;&quot;,&quot;right&quot;:&quot;&quot;,&quot;bottom&quot;:&quot;&quot;,&quot;left&quot;:&quot;&quot;,&quot;isLinked&quot;:true},&quot;element_pack_global_tooltip_padding_mobile&quot;:{&quot;unit&quot;:&quot;px&quot;,&quot;top&quot;:&quot;&quot;,&quot;right&quot;:&quot;&quot;,&quot;bottom&quot;:&quot;&quot;,&quot;left&quot;:&quot;&quot;,&quot;isLinked&quot;:true},&quot;element_pack_global_tooltip_border_radius&quot;:{&quot;unit&quot;:&quot;px&quot;,&quot;top&quot;:&quot;&quot;,&quot;right&quot;:&quot;&quot;,&quot;bottom&quot;:&quot;&quot;,&quot;left&quot;:&quot;&quot;,&quot;isLinked&quot;:true},&quot;element_pack_global_tooltip_border_radius_tablet&quot;:{&quot;unit&quot;:&quot;px&quot;,&quot;top&quot;:&quot;&quot;,&quot;right&quot;:&quot;&quot;,&quot;bottom&quot;:&quot;&quot;,&quot;left&quot;:&quot;&quot;,&quot;isLinked&quot;:true},&quot;element_pack_global_tooltip_border_radius_mobile&quot;:{&quot;unit&quot;:&quot;px&quot;,&quot;top&quot;:&quot;&quot;,&quot;right&quot;:&quot;&quot;,&quot;bottom&quot;:&quot;&quot;,&quot;left&quot;:&quot;&quot;,&quot;isLinked&quot;:true}}\" data-elementor-post-type=\"page\">\n\t\t\t\t\t\t<section class=\"elementor-section elementor-top-section elementor-element elementor-element-09fea36 elementor-section-boxed elementor-section-height-default elementor-section-height-default\" data-id=\"09fea36\" data-element_type=\"section\" data-e-type=\"section\">\n\t\t\t\t\t\t<div class=\"elementor-container elementor-column-gap-default\">\n\t\t\t\t\t<div class=\"elementor-column elementor-col-100 elementor-top-column elementor-element elementor-element-a2a2487\" data-id=\"a2a2487\" data-element_type=\"column\" data-e-type=\"column\">\n\t\t\t<div class=\"elementor-widget-wrap elementor-element-populated\">\n\t\t\t\t\t\t<div class=\"elementor-element elementor-element-91df130 elementor-widget elementor-widget-video\" data-id=\"91df130\" data-element_type=\"widget\" data-e-type=\"widget\" data-settings=\"{&quot;youtube_url&quot;:&quot;https:\\\/\\\/www.youtube.com\\\/watch?v=Jg5JWzPCkVc&amp;ab_channel=Photo911&quot;,&quot;autoplay&quot;:&quot;yes&quot;,&quot;video_type&quot;:&quot;youtube&quot;,&quot;controls&quot;:&quot;yes&quot;}\" data-widget_type=\"video.default\">\n\t\t\t\t<div class=\"elementor-widget-container\">\n\t\t\t\t\t\t\t<div class=\"elementor-wrapper elementor-open-inline\">\n\t\t\t<div class=\"elementor-video\"><\/div>\t\t<\/div>\n\t\t\t\t\t\t<\/div>\n\t\t\t\t<\/div>\n\t\t\t\t\t<\/div>\n\t\t<\/div>\n\t\t\t\t\t<\/div>\n\t\t<\/section>\n\t\t\t\t<\/div>\n\t\t","protected":false},"excerpt":{"rendered":"","protected":false},"author":3,"featured_media":29131,"parent":0,"menu_order":0,"comment_status":"closed","ping_status":"closed","template":"elementor_header_footer","meta":{"_acf_changed":false,"footnotes":""},"class_list":["post-29917","page","type-page","status-publish","has-post-thumbnail","hentry"],"acf":[],"yoast_head":"<!-- This site is optimized with the Yoast SEO plugin v27.3 - https:\/\/yoast.com\/product\/yoast-seo-wordpress\/ -->\n<title>Caen Bmx Indoor 2023 &amp; Salon des Sports Urbains - Aftermovie - Official - Photographe professionnel \u00e0 Caen en Normandie<\/title>\n<meta name=\"description\" content=\"Get ready for a crazy experience! Relive the most intense moments of the Caen Bmx Indoor 2023 and the Salon des Sports Urbains in our aftermovie.\" \/>\n<meta name=\"robots\" content=\"index, follow, max-snippet:-1, max-image-preview:large, max-video-preview:-1\" \/>\n<link rel=\"canonical\" href=\"https:\/\/www.photo911.fr\/en\/caen-bmx-indoor-2023-salon-des-sports-urbains-aftermovie-official\/\" \/>\n<meta property=\"og:locale\" content=\"en_US\" \/>\n<meta property=\"og:type\" content=\"article\" \/>\n<meta property=\"og:title\" content=\"Caen Bmx Indoor 2023 &amp; Salon des Sports Urbains - Aftermovie - Official - Photographe professionnel \u00e0 Caen en Normandie\" \/>\n<meta property=\"og:description\" content=\"Get ready for a crazy experience! Relive the most intense moments of the Caen Bmx Indoor 2023 and the Salon des Sports Urbains in our aftermovie.\" \/>\n<meta property=\"og:url\" content=\"https:\/\/www.photo911.fr\/en\/caen-bmx-indoor-2023-salon-des-sports-urbains-aftermovie-official\/\" \/>\n<meta property=\"og:site_name\" content=\"Photographe professionnel \u00e0 Caen en Normandie\" \/>\n<meta property=\"article:modified_time\" content=\"2024-05-22T13:59:46+00:00\" \/>\n<meta property=\"og:image\" content=\"https:\/\/www.photo911.fr\/wp-content\/uploads\/2024\/02\/header-bmx-indoor.jpg\" \/>\n\t<meta property=\"og:image:width\" content=\"2000\" \/>\n\t<meta property=\"og:image:height\" content=\"1452\" \/>\n\t<meta property=\"og:image:type\" content=\"image\/jpeg\" \/>\n<meta name=\"twitter:card\" content=\"summary_large_image\" \/>\n<script type=\"application\/ld+json\" class=\"yoast-schema-graph\">{\"@context\":\"https:\\\/\\\/schema.org\",\"@graph\":[{\"@type\":\"WebPage\",\"@id\":\"https:\\\/\\\/www.photo911.fr\\\/en\\\/caen-bmx-indoor-2023-salon-des-sports-urbains-aftermovie-official\\\/\",\"url\":\"https:\\\/\\\/www.photo911.fr\\\/en\\\/caen-bmx-indoor-2023-salon-des-sports-urbains-aftermovie-official\\\/\",\"name\":\"Caen Bmx Indoor 2023 &amp; Salon des Sports Urbains - Aftermovie - Official - Photographe professionnel \u00e0 Caen en Normandie\",\"isPartOf\":{\"@id\":\"https:\\\/\\\/www.photo911.fr\\\/en\\\/#website\"},\"primaryImageOfPage\":{\"@id\":\"https:\\\/\\\/www.photo911.fr\\\/en\\\/caen-bmx-indoor-2023-salon-des-sports-urbains-aftermovie-official\\\/#primaryimage\"},\"image\":{\"@id\":\"https:\\\/\\\/www.photo911.fr\\\/en\\\/caen-bmx-indoor-2023-salon-des-sports-urbains-aftermovie-official\\\/#primaryimage\"},\"thumbnailUrl\":\"https:\\\/\\\/www.photo911.fr\\\/wp-content\\\/uploads\\\/2024\\\/02\\\/header-bmx-indoor.jpg\",\"datePublished\":\"2024-02-20T15:51:34+00:00\",\"dateModified\":\"2024-05-22T13:59:46+00:00\",\"description\":\"Get ready for a crazy experience! Relive the most intense moments of the Caen Bmx Indoor 2023 and the Salon des Sports Urbains in our aftermovie.\",\"breadcrumb\":{\"@id\":\"https:\\\/\\\/www.photo911.fr\\\/en\\\/caen-bmx-indoor-2023-salon-des-sports-urbains-aftermovie-official\\\/#breadcrumb\"},\"inLanguage\":\"en-US\",\"potentialAction\":[{\"@type\":\"ReadAction\",\"target\":[\"https:\\\/\\\/www.photo911.fr\\\/en\\\/caen-bmx-indoor-2023-salon-des-sports-urbains-aftermovie-official\\\/\"]}]},{\"@type\":\"ImageObject\",\"inLanguage\":\"en-US\",\"@id\":\"https:\\\/\\\/www.photo911.fr\\\/en\\\/caen-bmx-indoor-2023-salon-des-sports-urbains-aftermovie-official\\\/#primaryimage\",\"url\":\"https:\\\/\\\/www.photo911.fr\\\/wp-content\\\/uploads\\\/2024\\\/02\\\/header-bmx-indoor.jpg\",\"contentUrl\":\"https:\\\/\\\/www.photo911.fr\\\/wp-content\\\/uploads\\\/2024\\\/02\\\/header-bmx-indoor.jpg\",\"width\":2000,\"height\":1452},{\"@type\":\"BreadcrumbList\",\"@id\":\"https:\\\/\\\/www.photo911.fr\\\/en\\\/caen-bmx-indoor-2023-salon-des-sports-urbains-aftermovie-official\\\/#breadcrumb\",\"itemListElement\":[{\"@type\":\"ListItem\",\"position\":1,\"name\":\"Accueil\",\"item\":\"https:\\\/\\\/www.photo911.fr\\\/en\\\/\"},{\"@type\":\"ListItem\",\"position\":2,\"name\":\"Caen Bmx Indoor 2023 &amp; Salon des Sports Urbains &#8211; Aftermovie &#8211; Official\"}]},{\"@type\":\"WebSite\",\"@id\":\"https:\\\/\\\/www.photo911.fr\\\/en\\\/#website\",\"url\":\"https:\\\/\\\/www.photo911.fr\\\/en\\\/\",\"name\":\"Photographe professionnel \u00e0 Caen en Normandie\",\"description\":\"Photographe \u00e0 Caen, sp\u00e9cialis\u00e9 dans la photographie pour entreprises, le portrait, la photographie de packshot la photographie d&#039;architecture\",\"publisher\":{\"@id\":\"https:\\\/\\\/www.photo911.fr\\\/en\\\/#organization\"},\"potentialAction\":[{\"@type\":\"SearchAction\",\"target\":{\"@type\":\"EntryPoint\",\"urlTemplate\":\"https:\\\/\\\/www.photo911.fr\\\/en\\\/?s={search_term_string}\"},\"query-input\":{\"@type\":\"PropertyValueSpecification\",\"valueRequired\":true,\"valueName\":\"search_term_string\"}}],\"inLanguage\":\"en-US\"},{\"@type\":\"Organization\",\"@id\":\"https:\\\/\\\/www.photo911.fr\\\/en\\\/#organization\",\"name\":\"Photographe professionnel \u00e0 Caen en Normandie\",\"url\":\"https:\\\/\\\/www.photo911.fr\\\/en\\\/\",\"logo\":{\"@type\":\"ImageObject\",\"inLanguage\":\"en-US\",\"@id\":\"https:\\\/\\\/www.photo911.fr\\\/en\\\/#\\\/schema\\\/logo\\\/image\\\/\",\"url\":\"https:\\\/\\\/www.photo911.fr\\\/wp-content\\\/uploads\\\/2022\\\/01\\\/Photo911-photographe-caen.svg\",\"contentUrl\":\"https:\\\/\\\/www.photo911.fr\\\/wp-content\\\/uploads\\\/2022\\\/01\\\/Photo911-photographe-caen.svg\",\"caption\":\"Photographe professionnel \u00e0 Caen en Normandie\"},\"image\":{\"@id\":\"https:\\\/\\\/www.photo911.fr\\\/en\\\/#\\\/schema\\\/logo\\\/image\\\/\"}}]}<\/script>\n<!-- \/ Yoast SEO plugin. -->","yoast_head_json":{"title":"Caen Bmx Indoor 2023 &amp; Salon des Sports Urbains - Aftermovie - Official - Photographe professionnel \u00e0 Caen en Normandie","description":"Get ready for a crazy experience! Relive the most intense moments of the Caen Bmx Indoor 2023 and the Salon des Sports Urbains in our aftermovie.","robots":{"index":"index","follow":"follow","max-snippet":"max-snippet:-1","max-image-preview":"max-image-preview:large","max-video-preview":"max-video-preview:-1"},"canonical":"https:\/\/www.photo911.fr\/en\/caen-bmx-indoor-2023-salon-des-sports-urbains-aftermovie-official\/","og_locale":"en_US","og_type":"article","og_title":"Caen Bmx Indoor 2023 &amp; Salon des Sports Urbains - Aftermovie - Official - Photographe professionnel \u00e0 Caen en Normandie","og_description":"Get ready for a crazy experience! Relive the most intense moments of the Caen Bmx Indoor 2023 and the Salon des Sports Urbains in our aftermovie.","og_url":"https:\/\/www.photo911.fr\/en\/caen-bmx-indoor-2023-salon-des-sports-urbains-aftermovie-official\/","og_site_name":"Photographe professionnel \u00e0 Caen en Normandie","article_modified_time":"2024-05-22T13:59:46+00:00","og_image":[{"width":2000,"height":1452,"url":"https:\/\/www.photo911.fr\/wp-content\/uploads\/2024\/02\/header-bmx-indoor.jpg","type":"image\/jpeg"}],"twitter_card":"summary_large_image","schema":{"@context":"https:\/\/schema.org","@graph":[{"@type":"WebPage","@id":"https:\/\/www.photo911.fr\/en\/caen-bmx-indoor-2023-salon-des-sports-urbains-aftermovie-official\/","url":"https:\/\/www.photo911.fr\/en\/caen-bmx-indoor-2023-salon-des-sports-urbains-aftermovie-official\/","name":"Caen Bmx Indoor 2023 &amp; Salon des Sports Urbains - Aftermovie - Official - Photographe professionnel \u00e0 Caen en Normandie","isPartOf":{"@id":"https:\/\/www.photo911.fr\/en\/#website"},"primaryImageOfPage":{"@id":"https:\/\/www.photo911.fr\/en\/caen-bmx-indoor-2023-salon-des-sports-urbains-aftermovie-official\/#primaryimage"},"image":{"@id":"https:\/\/www.photo911.fr\/en\/caen-bmx-indoor-2023-salon-des-sports-urbains-aftermovie-official\/#primaryimage"},"thumbnailUrl":"https:\/\/www.photo911.fr\/wp-content\/uploads\/2024\/02\/header-bmx-indoor.jpg","datePublished":"2024-02-20T15:51:34+00:00","dateModified":"2024-05-22T13:59:46+00:00","description":"Get ready for a crazy experience! Relive the most intense moments of the Caen Bmx Indoor 2023 and the Salon des Sports Urbains in our aftermovie.","breadcrumb":{"@id":"https:\/\/www.photo911.fr\/en\/caen-bmx-indoor-2023-salon-des-sports-urbains-aftermovie-official\/#breadcrumb"},"inLanguage":"en-US","potentialAction":[{"@type":"ReadAction","target":["https:\/\/www.photo911.fr\/en\/caen-bmx-indoor-2023-salon-des-sports-urbains-aftermovie-official\/"]}]},{"@type":"ImageObject","inLanguage":"en-US","@id":"https:\/\/www.photo911.fr\/en\/caen-bmx-indoor-2023-salon-des-sports-urbains-aftermovie-official\/#primaryimage","url":"https:\/\/www.photo911.fr\/wp-content\/uploads\/2024\/02\/header-bmx-indoor.jpg","contentUrl":"https:\/\/www.photo911.fr\/wp-content\/uploads\/2024\/02\/header-bmx-indoor.jpg","width":2000,"height":1452},{"@type":"BreadcrumbList","@id":"https:\/\/www.photo911.fr\/en\/caen-bmx-indoor-2023-salon-des-sports-urbains-aftermovie-official\/#breadcrumb","itemListElement":[{"@type":"ListItem","position":1,"name":"Accueil","item":"https:\/\/www.photo911.fr\/en\/"},{"@type":"ListItem","position":2,"name":"Caen Bmx Indoor 2023 &amp; Salon des Sports Urbains &#8211; Aftermovie &#8211; Official"}]},{"@type":"WebSite","@id":"https:\/\/www.photo911.fr\/en\/#website","url":"https:\/\/www.photo911.fr\/en\/","name":"Photographe professionnel \u00e0 Caen en Normandie","description":"Photographe \u00e0 Caen, sp\u00e9cialis\u00e9 dans la photographie pour entreprises, le portrait, la photographie de packshot la photographie d&#039;architecture","publisher":{"@id":"https:\/\/www.photo911.fr\/en\/#organization"},"potentialAction":[{"@type":"SearchAction","target":{"@type":"EntryPoint","urlTemplate":"https:\/\/www.photo911.fr\/en\/?s={search_term_string}"},"query-input":{"@type":"PropertyValueSpecification","valueRequired":true,"valueName":"search_term_string"}}],"inLanguage":"en-US"},{"@type":"Organization","@id":"https:\/\/www.photo911.fr\/en\/#organization","name":"Photographe professionnel \u00e0 Caen en Normandie","url":"https:\/\/www.photo911.fr\/en\/","logo":{"@type":"ImageObject","inLanguage":"en-US","@id":"https:\/\/www.photo911.fr\/en\/#\/schema\/logo\/image\/","url":"https:\/\/www.photo911.fr\/wp-content\/uploads\/2022\/01\/Photo911-photographe-caen.svg","contentUrl":"https:\/\/www.photo911.fr\/wp-content\/uploads\/2022\/01\/Photo911-photographe-caen.svg","caption":"Photographe professionnel \u00e0 Caen en Normandie"},"image":{"@id":"https:\/\/www.photo911.fr\/en\/#\/schema\/logo\/image\/"}}]}},"_links":{"self":[{"href":"https:\/\/www.photo911.fr\/en\/wp-json\/wp\/v2\/pages\/29917","targetHints":{"allow":["GET"]}}],"collection":[{"href":"https:\/\/www.photo911.fr\/en\/wp-json\/wp\/v2\/pages"}],"about":[{"href":"https:\/\/www.photo911.fr\/en\/wp-json\/wp\/v2\/types\/page"}],"author":[{"embeddable":true,"href":"https:\/\/www.photo911.fr\/en\/wp-json\/wp\/v2\/users\/3"}],"replies":[{"embeddable":true,"href":"https:\/\/www.photo911.fr\/en\/wp-json\/wp\/v2\/comments?post=29917"}],"version-history":[{"count":1,"href":"https:\/\/www.photo911.fr\/en\/wp-json\/wp\/v2\/pages\/29917\/revisions"}],"predecessor-version":[{"id":29919,"href":"https:\/\/www.photo911.fr\/en\/wp-json\/wp\/v2\/pages\/29917\/revisions\/29919"}],"wp:featuredmedia":[{"embeddable":true,"href":"https:\/\/www.photo911.fr\/en\/wp-json\/wp\/v2\/media\/29131"}],"wp:attachment":[{"href":"https:\/\/www.photo911.fr\/en\/wp-json\/wp\/v2\/media?parent=29917"}],"curies":[{"name":"wp","href":"https:\/\/api.w.org\/{rel}","templated":true}]}}