{"id":29947,"date":"2023-03-30T10:25:49","date_gmt":"2023-03-30T08:25:49","guid":{"rendered":"https:\/\/www.photo911.fr\/image-editing\/"},"modified":"2024-05-22T16:00:17","modified_gmt":"2024-05-22T14:00:17","slug":"image-editing","status":"publish","type":"page","link":"https:\/\/www.photo911.fr\/en\/image-editing\/","title":{"rendered":"Image editing"},"content":{"rendered":"\t\t<div data-elementor-type=\"wp-page\" data-elementor-id=\"29947\" class=\"elementor elementor-29947 elementor-20549\" data-elementor-settings=\"{&quot;element_pack_global_tooltip_width&quot;:{&quot;unit&quot;:&quot;px&quot;,&quot;size&quot;:&quot;&quot;,&quot;sizes&quot;:[]},&quot;element_pack_global_tooltip_width_tablet&quot;:{&quot;unit&quot;:&quot;px&quot;,&quot;size&quot;:&quot;&quot;,&quot;sizes&quot;:[]},&quot;element_pack_global_tooltip_width_mobile&quot;:{&quot;unit&quot;:&quot;px&quot;,&quot;size&quot;:&quot;&quot;,&quot;sizes&quot;:[]},&quot;element_pack_global_tooltip_padding&quot;:{&quot;unit&quot;:&quot;px&quot;,&quot;top&quot;:&quot;&quot;,&quot;right&quot;:&quot;&quot;,&quot;bottom&quot;:&quot;&quot;,&quot;left&quot;:&quot;&quot;,&quot;isLinked&quot;:true},&quot;element_pack_global_tooltip_padding_tablet&quot;:{&quot;unit&quot;:&quot;px&quot;,&quot;top&quot;:&quot;&quot;,&quot;right&quot;:&quot;&quot;,&quot;bottom&quot;:&quot;&quot;,&quot;left&quot;:&quot;&quot;,&quot;isLinked&quot;:true},&quot;element_pack_global_tooltip_padding_mobile&quot;:{&quot;unit&quot;:&quot;px&quot;,&quot;top&quot;:&quot;&quot;,&quot;right&quot;:&quot;&quot;,&quot;bottom&quot;:&quot;&quot;,&quot;left&quot;:&quot;&quot;,&quot;isLinked&quot;:true},&quot;element_pack_global_tooltip_border_radius&quot;:{&quot;unit&quot;:&quot;px&quot;,&quot;top&quot;:&quot;&quot;,&quot;right&quot;:&quot;&quot;,&quot;bottom&quot;:&quot;&quot;,&quot;left&quot;:&quot;&quot;,&quot;isLinked&quot;:true},&quot;element_pack_global_tooltip_border_radius_tablet&quot;:{&quot;unit&quot;:&quot;px&quot;,&quot;top&quot;:&quot;&quot;,&quot;right&quot;:&quot;&quot;,&quot;bottom&quot;:&quot;&quot;,&quot;left&quot;:&quot;&quot;,&quot;isLinked&quot;:true},&quot;element_pack_global_tooltip_border_radius_mobile&quot;:{&quot;unit&quot;:&quot;px&quot;,&quot;top&quot;:&quot;&quot;,&quot;right&quot;:&quot;&quot;,&quot;bottom&quot;:&quot;&quot;,&quot;left&quot;:&quot;&quot;,&quot;isLinked&quot;:true}}\" data-elementor-post-type=\"page\">\n\t\t\t\t\t\t<section class=\"elementor-section elementor-top-section elementor-element elementor-element-25851a4 elementor-section-boxed elementor-section-height-default elementor-section-height-default\" data-id=\"25851a4\" data-element_type=\"section\" data-e-type=\"section\">\n\t\t\t\t\t\t<div class=\"elementor-container elementor-column-gap-wider\">\n\t\t\t\t\t<div class=\"elementor-column elementor-col-100 elementor-top-column elementor-element elementor-element-ca5a7b1\" data-id=\"ca5a7b1\" data-element_type=\"column\" data-e-type=\"column\">\n\t\t\t<div class=\"elementor-widget-wrap elementor-element-populated\">\n\t\t\t\t\t\t<div class=\"elementor-element elementor-element-ebc2fa0 elementor-widget elementor-widget-heading\" data-id=\"ebc2fa0\" data-element_type=\"widget\" data-e-type=\"widget\" data-widget_type=\"heading.default\">\n\t\t\t\t<div class=\"elementor-widget-container\">\n\t\t\t\t\t<span class=\"elementor-heading-title elementor-size-default\">the detail that makes the difference<\/span>\t\t\t\t<\/div>\n\t\t\t\t<\/div>\n\t\t\t\t<div class=\"elementor-element elementor-element-d535aa2 elementor-widget elementor-widget-heading\" data-id=\"d535aa2\" data-element_type=\"widget\" data-e-type=\"widget\" data-widget_type=\"heading.default\">\n\t\t\t\t<div class=\"elementor-widget-container\">\n\t\t\t\t\t<h1 class=\"elementor-heading-title elementor-size-default\">Image editing<\/h1>\t\t\t\t<\/div>\n\t\t\t\t<\/div>\n\t\t\t\t<div class=\"elementor-element elementor-element-f5c3a41 elementor-widget elementor-widget-text-editor\" data-id=\"f5c3a41\" data-element_type=\"widget\" data-e-type=\"widget\" data-widget_type=\"text-editor.default\">\n\t\t\t\t<div class=\"elementor-widget-container\">\n\t\t\t\t\t\t\t\t\t<div>\n<div>\n<div>\n<div>\n<div>\n<div>\n<p>Image retouching is a process by which product images are modified and enhanced to create high-quality images that attract the attention of potential customers. We offer a wide range of image retouching services to help our customers get the perfect images they need to succeed.<\/p>\n<h2>Our image retouching services include<\/h2>\n<ol>\n<li><b>Color correction<\/b><\/li>\n<\/ol>\n<p>Color correction is an image retouching service that corrects the colors of an image to make it look closer to reality. We can adjust brightness, saturation and color balance to make colors more vivid and accurate. Color correction can help improve image quality and make it more attractive to potential customers.<\/p>\n<ol start=\"2\">\n<li><b>Background touch-up<\/b><\/li>\n<\/ol>\n<p>Background retouching is an image retouching service that lets you modify the image background. We can remove an unsuitable background or replace an existing one with a more suitable one. We can also add special effects to make the image more attractive and professional.<\/p>\n<ol start=\"3\">\n<li><b>Shape retouching<\/b><\/li>\n<\/ol>\n<p>Shape retouching is an image retouching service that lets you modify the shape or size of objects in an image. We can modify the shape or size of products to make them more attractive and more suitable for online sales. We can also modify the shape or size of products to make them more easily identifiable by potential customers.<\/p>\n<ol start=\"4\">\n<li><b>Texture retouching<\/b><\/li>\n<\/ol>\n<p>Texture retouching is an image retouching service that lets you modify the texture of objects in an image. We can modify the texture of products to make them more attractive and more suitable for online sales. We can also modify the texture of products to make them more easily identifiable by potential customers.<\/p>\n<ol start=\"5\">\n<li><b>Brightness touch-up<\/b><\/li>\n<\/ol>\n<p>Luminosity retouching is an image retouching service that lets you modify the brightness of objects in an image. We can modify the brightness of products to make them more attractive and more suitable for online sales. We can also modify the brightness of products to make them more easily identifiable by potential customers.<\/p>\n<ol start=\"6\">\n<li><b>Contrast &amp; saturation retouching<\/b><\/li>\n<\/ol>\n<p>Contrast &amp; Saturation retouching is an image retouching service that lets you modify the contrast of objects in an image. We can modify the contrast of products to make them more attractive and more suitable for online sales. We can also modify product saturation to make them more easily identifiable by potential customers.<span style=\"color: var( --e-global-color-text );\"> <\/span><\/p>\n<\/div>\n<\/div>\n<\/div>\n<\/div>\n<\/div>\n<\/div>\n<div>\n<ol start=\"7\">\n<li><b>Sharpness<\/b><\/li>\n<\/ol>\n<p>Sharpening is an image retouching technique that modifies the sharpness of objects in an image. We can change the sharpness of products to make them more eye-catching.<\/p>\n<h3><span style=\"background-color: transparent; color: var( --e-global-color-text );\">Trimming<\/span><\/h3>\n<p>Trimming a product consists in isolating the object from its background in order to highlight it. This creates a clean, crisp and professional image that attracts the attention of potential customers. There are several reasons why product trimming is important:<\/p>\n<p>Clipping allows you to present your product in a professional and attractive way. By removing the background, the focus is on the product itself. The product thus appears clearly and prominently in the image, enabling potential customers to better see and understand its features.<\/p>\n<p>By diverting products, they can be easily adapted to different online sales or marketing platforms. Clipped images can be integrated into product sheets, advertisements, brochures and more. Clipping also allows the background to be changed to suit the needs of the sales platform, so that the image can be adapted to different contexts.<span style=\"color: var( --e-global-color-text );\"> <\/span><\/p>\n<p><span style=\"color: var( --e-global-color-text );\">We work with customers in a wide range of industries to deliver high-quality product images that grab the attention of potential customers. We are able to work with images of all formats and levels of complexity.<\/span><\/p>\n<p>We also understand that every company has specific needs and requirements when it comes to image retouching. That&#8217;s why we work closely with our customers to understand their specific needs and requirements. We make sure that our customers are satisfied with the end result and that the images match their brand image.<\/p>\n<p>We work closely with our customers to understand their specific needs and requirements, and are able to work with images of all formats and levels of complexity. If you&#8217;re looking for a partner for your product packshots, don&#8217;t hesitate to <a href=\"https:\/\/www.photo911.fr\/en\/contact\/\" target=\"_blank\" rel=\"noopener\">contact us <\/a>to discuss your image retouching needs.<\/p>\n<\/div>\n\t\t\t\t\t\t\t\t<\/div>\n\t\t\t\t<\/div>\n\t\t\t\t<div class=\"elementor-element elementor-element-1a9d0ae elementor-widget elementor-widget-gallery\" data-id=\"1a9d0ae\" data-element_type=\"widget\" data-e-type=\"widget\" data-settings=\"{&quot;gap&quot;:{&quot;unit&quot;:&quot;px&quot;,&quot;size&quot;:22,&quot;sizes&quot;:[]},&quot;gap_tablet&quot;:{&quot;unit&quot;:&quot;px&quot;,&quot;size&quot;:20,&quot;sizes&quot;:[]},&quot;aspect_ratio&quot;:&quot;1:1&quot;,&quot;image_hover_animation&quot;:&quot;grow&quot;,&quot;columns&quot;:2,&quot;lazyload&quot;:&quot;yes&quot;,&quot;gallery_layout&quot;:&quot;grid&quot;,&quot;columns_tablet&quot;:2,&quot;columns_mobile&quot;:1,&quot;gap_mobile&quot;:{&quot;unit&quot;:&quot;px&quot;,&quot;size&quot;:10,&quot;sizes&quot;:[]},&quot;link_to&quot;:&quot;file&quot;,&quot;overlay_background&quot;:&quot;yes&quot;,&quot;content_hover_animation&quot;:&quot;fade-in&quot;}\" data-widget_type=\"gallery.default\">\n\t\t\t\t<div class=\"elementor-widget-container\">\n\t\t\t\t\t\t\t<div class=\"elementor-gallery__container\">\n\t\t\t\t\t\t\t<a class=\"e-gallery-item elementor-gallery-item elementor-animated-content\" href=\"https:\/\/www.photo911.fr\/wp-content\/uploads\/2023\/03\/Choisir-son-premier-appareil-photo.jpg\" data-elementor-open-lightbox=\"yes\" data-elementor-lightbox-slideshow=\"1a9d0ae\" data-elementor-lightbox-description=\"Choisir-son-premier-appareil-photo\" data-e-action-hash=\"#elementor-action%3Aaction%3Dlightbox%26settings%3DeyJpZCI6Mjc4OTcsInVybCI6Imh0dHBzOlwvXC93d3cucGhvdG85MTEuZnJcL3dwLWNvbnRlbnRcL3VwbG9hZHNcLzIwMjNcLzAzXC9DaG9pc2lyLXNvbi1wcmVtaWVyLWFwcGFyZWlsLXBob3RvLmpwZyIsInNsaWRlc2hvdyI6IjFhOWQwYWUifQ%3D%3D\">\n\t\t\t\t\t<div class=\"e-gallery-image elementor-gallery-item__image\" data-thumbnail=\"https:\/\/www.photo911.fr\/wp-content\/uploads\/2023\/03\/Choisir-son-premier-appareil-photo.jpg\" data-width=\"1632\" data-height=\"918\" aria-label=\"\" role=\"img\" ><\/div>\n\t\t\t\t\t\t\t\t\t\t\t<div class=\"elementor-gallery-item__overlay\"><\/div>\n\t\t\t\t\t\t\t\t\t\t\t\t\t\t<\/a>\n\t\t\t\t\t\t\t<a class=\"e-gallery-item elementor-gallery-item elementor-animated-content\" href=\"https:\/\/www.photo911.fr\/wp-content\/uploads\/2023\/02\/photographie-culinaire-normandie-3.jpg\" data-elementor-open-lightbox=\"yes\" data-elementor-lightbox-slideshow=\"1a9d0ae\" data-elementor-lightbox-description=\"photography-culinary-normandy-3\" data-e-action-hash=\"#elementor-action%3Aaction%3Dlightbox%26settings%3DeyJpZCI6Mjc2MDgsInVybCI6Imh0dHBzOlwvXC93d3cucGhvdG85MTEuZnJcL3dwLWNvbnRlbnRcL3VwbG9hZHNcLzIwMjNcLzAyXC9waG90b2dyYXBoaWUtY3VsaW5haXJlLW5vcm1hbmRpZS0zLmpwZyIsInNsaWRlc2hvdyI6IjFhOWQwYWUifQ%3D%3D\">\n\t\t\t\t\t<div class=\"e-gallery-image elementor-gallery-item__image\" data-thumbnail=\"https:\/\/www.photo911.fr\/wp-content\/uploads\/2023\/02\/photographie-culinaire-normandie-3.jpg\" data-width=\"2048\" data-height=\"1365\" aria-label=\"\" role=\"img\" ><\/div>\n\t\t\t\t\t\t\t\t\t\t\t<div class=\"elementor-gallery-item__overlay\"><\/div>\n\t\t\t\t\t\t\t\t\t\t\t\t\t\t<\/a>\n\t\t\t\t\t\t\t<a class=\"e-gallery-item elementor-gallery-item elementor-animated-content\" href=\"https:\/\/www.photo911.fr\/wp-content\/uploads\/2022\/12\/linkedin-indoor.jpg\" data-elementor-open-lightbox=\"yes\" data-elementor-lightbox-slideshow=\"1a9d0ae\" data-elementor-lightbox-description=\"linkedin-indoor\" data-e-action-hash=\"#elementor-action%3Aaction%3Dlightbox%26settings%3DeyJpZCI6Mjc0MjcsInVybCI6Imh0dHBzOlwvXC93d3cucGhvdG85MTEuZnJcL3dwLWNvbnRlbnRcL3VwbG9hZHNcLzIwMjJcLzEyXC9saW5rZWRpbi1pbmRvb3IuanBnIiwic2xpZGVzaG93IjoiMWE5ZDBhZSJ9\">\n\t\t\t\t\t<div class=\"e-gallery-image elementor-gallery-item__image\" data-thumbnail=\"https:\/\/www.photo911.fr\/wp-content\/uploads\/2022\/12\/linkedin-indoor.jpg\" data-width=\"1181\" data-height=\"1614\" aria-label=\"\" role=\"img\" ><\/div>\n\t\t\t\t\t\t\t\t\t\t\t<div class=\"elementor-gallery-item__overlay\"><\/div>\n\t\t\t\t\t\t\t\t\t\t\t\t\t\t<\/a>\n\t\t\t\t\t\t\t<a class=\"e-gallery-item elementor-gallery-item elementor-animated-content\" href=\"https:\/\/www.photo911.fr\/wp-content\/uploads\/2022\/10\/2.jpg\" data-elementor-open-lightbox=\"yes\" data-elementor-lightbox-slideshow=\"1a9d0ae\" data-elementor-lightbox-description=\"2\" data-e-action-hash=\"#elementor-action%3Aaction%3Dlightbox%26settings%3DeyJpZCI6MjcxMTYsInVybCI6Imh0dHBzOlwvXC93d3cucGhvdG85MTEuZnJcL3dwLWNvbnRlbnRcL3VwbG9hZHNcLzIwMjJcLzEwXC8yLmpwZyIsInNsaWRlc2hvdyI6IjFhOWQwYWUifQ%3D%3D\">\n\t\t\t\t\t<div class=\"e-gallery-image elementor-gallery-item__image\" data-thumbnail=\"https:\/\/www.photo911.fr\/wp-content\/uploads\/2022\/10\/2.jpg\" data-width=\"1500\" data-height=\"1224\" aria-label=\"\" role=\"img\" ><\/div>\n\t\t\t\t\t\t\t\t\t\t\t<div class=\"elementor-gallery-item__overlay\"><\/div>\n\t\t\t\t\t\t\t\t\t\t\t\t\t\t<\/a>\n\t\t\t\t\t\t\t<a class=\"e-gallery-item elementor-gallery-item elementor-animated-content\" href=\"https:\/\/www.photo911.fr\/wp-content\/uploads\/2022\/10\/packshot-bouteille-transparence-1.jpg\" data-elementor-open-lightbox=\"yes\" data-elementor-lightbox-slideshow=\"1a9d0ae\" data-elementor-lightbox-description=\"packshot-bouteille-transparence-1\" data-e-action-hash=\"#elementor-action%3Aaction%3Dlightbox%26settings%3DeyJpZCI6MjY4NTgsInVybCI6Imh0dHBzOlwvXC93d3cucGhvdG85MTEuZnJcL3dwLWNvbnRlbnRcL3VwbG9hZHNcLzIwMjJcLzEwXC9wYWNrc2hvdC1ib3V0ZWlsbGUtdHJhbnNwYXJlbmNlLTEuanBnIiwic2xpZGVzaG93IjoiMWE5ZDBhZSJ9\">\n\t\t\t\t\t<div class=\"e-gallery-image elementor-gallery-item__image\" data-thumbnail=\"https:\/\/www.photo911.fr\/wp-content\/uploads\/2022\/10\/packshot-bouteille-transparence-1.jpg\" data-width=\"1500\" data-height=\"1000\" aria-label=\"\" role=\"img\" ><\/div>\n\t\t\t\t\t\t\t\t\t\t\t<div class=\"elementor-gallery-item__overlay\"><\/div>\n\t\t\t\t\t\t\t\t\t\t\t\t\t\t<\/a>\n\t\t\t\t\t\t\t<a class=\"e-gallery-item elementor-gallery-item elementor-animated-content\" href=\"https:\/\/www.photo911.fr\/wp-content\/uploads\/2022\/09\/photographie-tourisme-8-scaled.jpg\" data-elementor-open-lightbox=\"yes\" data-elementor-lightbox-slideshow=\"1a9d0ae\" data-elementor-lightbox-description=\"photography-tourism-8\" data-e-action-hash=\"#elementor-action%3Aaction%3Dlightbox%26settings%3DeyJpZCI6MjYxODksInVybCI6Imh0dHBzOlwvXC93d3cucGhvdG85MTEuZnJcL3dwLWNvbnRlbnRcL3VwbG9hZHNcLzIwMjJcLzA5XC9waG90b2dyYXBoaWUtdG91cmlzbWUtOC1zY2FsZWQuanBnIiwic2xpZGVzaG93IjoiMWE5ZDBhZSJ9\">\n\t\t\t\t\t<div class=\"e-gallery-image elementor-gallery-item__image\" data-thumbnail=\"https:\/\/www.photo911.fr\/wp-content\/uploads\/2022\/09\/photographie-tourisme-8-scaled.jpg\" data-width=\"2048\" data-height=\"574\" aria-label=\"\" role=\"img\" ><\/div>\n\t\t\t\t\t\t\t\t\t\t\t<div class=\"elementor-gallery-item__overlay\"><\/div>\n\t\t\t\t\t\t\t\t\t\t\t\t\t\t<\/a>\n\t\t\t\t\t\t\t<a class=\"e-gallery-item elementor-gallery-item elementor-animated-content\" href=\"https:\/\/www.photo911.fr\/wp-content\/uploads\/2022\/09\/photographie-tourisme-7-scaled.jpg\" data-elementor-open-lightbox=\"yes\" data-elementor-lightbox-slideshow=\"1a9d0ae\" data-elementor-lightbox-description=\"photography-tourism-7\" data-e-action-hash=\"#elementor-action%3Aaction%3Dlightbox%26settings%3DeyJpZCI6MjYxOTAsInVybCI6Imh0dHBzOlwvXC93d3cucGhvdG85MTEuZnJcL3dwLWNvbnRlbnRcL3VwbG9hZHNcLzIwMjJcLzA5XC9waG90b2dyYXBoaWUtdG91cmlzbWUtNy1zY2FsZWQuanBnIiwic2xpZGVzaG93IjoiMWE5ZDBhZSJ9\">\n\t\t\t\t\t<div class=\"e-gallery-image elementor-gallery-item__image\" data-thumbnail=\"https:\/\/www.photo911.fr\/wp-content\/uploads\/2022\/09\/photographie-tourisme-7-scaled.jpg\" data-width=\"2048\" data-height=\"903\" aria-label=\"\" role=\"img\" ><\/div>\n\t\t\t\t\t\t\t\t\t\t\t<div class=\"elementor-gallery-item__overlay\"><\/div>\n\t\t\t\t\t\t\t\t\t\t\t\t\t\t<\/a>\n\t\t\t\t\t\t\t<a class=\"e-gallery-item elementor-gallery-item elementor-animated-content\" href=\"https:\/\/www.photo911.fr\/wp-content\/uploads\/2021\/04\/Brownie-les-petits-dupont-\u00a9photo911-scaled.jpg\" data-elementor-open-lightbox=\"yes\" data-elementor-lightbox-slideshow=\"1a9d0ae\" data-elementor-lightbox-description=\"Brownie-les-petits-dupont-\u00a9photo911\" data-e-action-hash=\"#elementor-action%3Aaction%3Dlightbox%26settings%3DeyJpZCI6MjUwODEsInVybCI6Imh0dHBzOlwvXC93d3cucGhvdG85MTEuZnJcL3dwLWNvbnRlbnRcL3VwbG9hZHNcLzIwMjFcLzA0XC9Ccm93bmllLWxlcy1wZXRpdHMtZHVwb250LVx1MDBhOXBob3RvOTExLXNjYWxlZC5qcGciLCJzbGlkZXNob3ciOiIxYTlkMGFlIn0%3D\">\n\t\t\t\t\t<div class=\"e-gallery-image elementor-gallery-item__image\" data-thumbnail=\"https:\/\/www.photo911.fr\/wp-content\/uploads\/2021\/04\/Brownie-les-petits-dupont-\u00a9photo911-scaled.jpg\" data-width=\"1892\" data-height=\"2048\" aria-label=\"\" role=\"img\" ><\/div>\n\t\t\t\t\t\t\t\t\t\t\t<div class=\"elementor-gallery-item__overlay\"><\/div>\n\t\t\t\t\t\t\t\t\t\t\t\t\t\t<\/a>\n\t\t\t\t\t<\/div>\n\t\t\t\t\t<\/div>\n\t\t\t\t<\/div>\n\t\t\t\t\t<\/div>\n\t\t<\/div>\n\t\t\t\t\t<\/div>\n\t\t<\/section>\n\t\t\t\t<\/div>\n\t\t","protected":false},"excerpt":{"rendered":"<p>the detail that makes the difference Image editing Image retouching is a process by which product images are modified and enhanced to create high-quality images that attract the attention of potential customers. We offer a wide range of image retouching services to help our customers get the perfect images they need to succeed. Our image [&hellip;]<\/p>\n","protected":false},"author":3,"featured_media":0,"parent":0,"menu_order":0,"comment_status":"closed","ping_status":"closed","template":"elementor_header_footer","meta":{"_acf_changed":false,"footnotes":""},"class_list":["post-29947","page","type-page","status-publish","hentry"],"acf":[],"yoast_head":"<!-- This site is optimized with the Yoast SEO plugin v27.3 - https:\/\/yoast.com\/product\/yoast-seo-wordpress\/ -->\n<title>Image editing - Photographe professionnel \u00e0 Caen en Normandie<\/title>\n<meta name=\"description\" content=\"We offer a wide range of image retouching services to help our customers get the perfect images they need.\" \/>\n<meta name=\"robots\" content=\"index, follow, max-snippet:-1, max-image-preview:large, max-video-preview:-1\" \/>\n<link rel=\"canonical\" href=\"https:\/\/www.photo911.fr\/en\/image-editing\/\" \/>\n<meta property=\"og:locale\" content=\"en_US\" \/>\n<meta property=\"og:type\" content=\"article\" \/>\n<meta property=\"og:title\" content=\"Image editing - Photographe professionnel \u00e0 Caen en Normandie\" \/>\n<meta property=\"og:description\" content=\"We offer a wide range of image retouching services to help our customers get the perfect images they need.\" \/>\n<meta property=\"og:url\" content=\"https:\/\/www.photo911.fr\/en\/image-editing\/\" \/>\n<meta property=\"og:site_name\" content=\"Photographe professionnel \u00e0 Caen en Normandie\" \/>\n<meta property=\"article:modified_time\" content=\"2024-05-22T14:00:17+00:00\" \/>\n<meta name=\"twitter:card\" content=\"summary_large_image\" \/>\n<meta name=\"twitter:label1\" content=\"Est. reading time\" \/>\n\t<meta name=\"twitter:data1\" content=\"3 minutes\" \/>\n<script type=\"application\/ld+json\" class=\"yoast-schema-graph\">{\"@context\":\"https:\\\/\\\/schema.org\",\"@graph\":[{\"@type\":\"WebPage\",\"@id\":\"https:\\\/\\\/www.photo911.fr\\\/en\\\/image-editing\\\/\",\"url\":\"https:\\\/\\\/www.photo911.fr\\\/en\\\/image-editing\\\/\",\"name\":\"Image editing - Photographe professionnel \u00e0 Caen en Normandie\",\"isPartOf\":{\"@id\":\"http:\\\/\\\/www.photo911.fr\\\/en\\\/#website\"},\"datePublished\":\"2023-03-30T08:25:49+00:00\",\"dateModified\":\"2024-05-22T14:00:17+00:00\",\"description\":\"We offer a wide range of image retouching services to help our customers get the perfect images they need.\",\"breadcrumb\":{\"@id\":\"https:\\\/\\\/www.photo911.fr\\\/en\\\/image-editing\\\/#breadcrumb\"},\"inLanguage\":\"en-US\",\"potentialAction\":[{\"@type\":\"ReadAction\",\"target\":[\"https:\\\/\\\/www.photo911.fr\\\/en\\\/image-editing\\\/\"]}]},{\"@type\":\"BreadcrumbList\",\"@id\":\"https:\\\/\\\/www.photo911.fr\\\/en\\\/image-editing\\\/#breadcrumb\",\"itemListElement\":[{\"@type\":\"ListItem\",\"position\":1,\"name\":\"Accueil\",\"item\":\"https:\\\/\\\/www.photo911.fr\\\/en\\\/\"},{\"@type\":\"ListItem\",\"position\":2,\"name\":\"Image editing\"}]},{\"@type\":\"WebSite\",\"@id\":\"http:\\\/\\\/www.photo911.fr\\\/en\\\/#website\",\"url\":\"http:\\\/\\\/www.photo911.fr\\\/en\\\/\",\"name\":\"Photographe professionnel \u00e0 Caen en Normandie\",\"description\":\"Photographe \u00e0 Caen, sp\u00e9cialis\u00e9 dans la photographie pour entreprises, le portrait, la photographie de packshot la photographie d&#039;architecture\",\"publisher\":{\"@id\":\"http:\\\/\\\/www.photo911.fr\\\/en\\\/#organization\"},\"potentialAction\":[{\"@type\":\"SearchAction\",\"target\":{\"@type\":\"EntryPoint\",\"urlTemplate\":\"http:\\\/\\\/www.photo911.fr\\\/en\\\/?s={search_term_string}\"},\"query-input\":{\"@type\":\"PropertyValueSpecification\",\"valueRequired\":true,\"valueName\":\"search_term_string\"}}],\"inLanguage\":\"en-US\"},{\"@type\":\"Organization\",\"@id\":\"http:\\\/\\\/www.photo911.fr\\\/en\\\/#organization\",\"name\":\"Photographe professionnel \u00e0 Caen en Normandie\",\"url\":\"http:\\\/\\\/www.photo911.fr\\\/en\\\/\",\"logo\":{\"@type\":\"ImageObject\",\"inLanguage\":\"en-US\",\"@id\":\"http:\\\/\\\/www.photo911.fr\\\/en\\\/#\\\/schema\\\/logo\\\/image\\\/\",\"url\":\"https:\\\/\\\/www.photo911.fr\\\/wp-content\\\/uploads\\\/2022\\\/01\\\/Photo911-photographe-caen.svg\",\"contentUrl\":\"https:\\\/\\\/www.photo911.fr\\\/wp-content\\\/uploads\\\/2022\\\/01\\\/Photo911-photographe-caen.svg\",\"caption\":\"Photographe professionnel \u00e0 Caen en Normandie\"},\"image\":{\"@id\":\"http:\\\/\\\/www.photo911.fr\\\/en\\\/#\\\/schema\\\/logo\\\/image\\\/\"}}]}<\/script>\n<!-- \/ Yoast SEO plugin. -->","yoast_head_json":{"title":"Image editing - Photographe professionnel \u00e0 Caen en Normandie","description":"We offer a wide range of image retouching services to help our customers get the perfect images they need.","robots":{"index":"index","follow":"follow","max-snippet":"max-snippet:-1","max-image-preview":"max-image-preview:large","max-video-preview":"max-video-preview:-1"},"canonical":"https:\/\/www.photo911.fr\/en\/image-editing\/","og_locale":"en_US","og_type":"article","og_title":"Image editing - Photographe professionnel \u00e0 Caen en Normandie","og_description":"We offer a wide range of image retouching services to help our customers get the perfect images they need.","og_url":"https:\/\/www.photo911.fr\/en\/image-editing\/","og_site_name":"Photographe professionnel \u00e0 Caen en Normandie","article_modified_time":"2024-05-22T14:00:17+00:00","twitter_card":"summary_large_image","twitter_misc":{"Est. reading time":"3 minutes"},"schema":{"@context":"https:\/\/schema.org","@graph":[{"@type":"WebPage","@id":"https:\/\/www.photo911.fr\/en\/image-editing\/","url":"https:\/\/www.photo911.fr\/en\/image-editing\/","name":"Image editing - Photographe professionnel \u00e0 Caen en Normandie","isPartOf":{"@id":"http:\/\/www.photo911.fr\/en\/#website"},"datePublished":"2023-03-30T08:25:49+00:00","dateModified":"2024-05-22T14:00:17+00:00","description":"We offer a wide range of image retouching services to help our customers get the perfect images they need.","breadcrumb":{"@id":"https:\/\/www.photo911.fr\/en\/image-editing\/#breadcrumb"},"inLanguage":"en-US","potentialAction":[{"@type":"ReadAction","target":["https:\/\/www.photo911.fr\/en\/image-editing\/"]}]},{"@type":"BreadcrumbList","@id":"https:\/\/www.photo911.fr\/en\/image-editing\/#breadcrumb","itemListElement":[{"@type":"ListItem","position":1,"name":"Accueil","item":"https:\/\/www.photo911.fr\/en\/"},{"@type":"ListItem","position":2,"name":"Image editing"}]},{"@type":"WebSite","@id":"http:\/\/www.photo911.fr\/en\/#website","url":"http:\/\/www.photo911.fr\/en\/","name":"Photographe professionnel \u00e0 Caen en Normandie","description":"Photographe \u00e0 Caen, sp\u00e9cialis\u00e9 dans la photographie pour entreprises, le portrait, la photographie de packshot la photographie d&#039;architecture","publisher":{"@id":"http:\/\/www.photo911.fr\/en\/#organization"},"potentialAction":[{"@type":"SearchAction","target":{"@type":"EntryPoint","urlTemplate":"http:\/\/www.photo911.fr\/en\/?s={search_term_string}"},"query-input":{"@type":"PropertyValueSpecification","valueRequired":true,"valueName":"search_term_string"}}],"inLanguage":"en-US"},{"@type":"Organization","@id":"http:\/\/www.photo911.fr\/en\/#organization","name":"Photographe professionnel \u00e0 Caen en Normandie","url":"http:\/\/www.photo911.fr\/en\/","logo":{"@type":"ImageObject","inLanguage":"en-US","@id":"http:\/\/www.photo911.fr\/en\/#\/schema\/logo\/image\/","url":"https:\/\/www.photo911.fr\/wp-content\/uploads\/2022\/01\/Photo911-photographe-caen.svg","contentUrl":"https:\/\/www.photo911.fr\/wp-content\/uploads\/2022\/01\/Photo911-photographe-caen.svg","caption":"Photographe professionnel \u00e0 Caen en Normandie"},"image":{"@id":"http:\/\/www.photo911.fr\/en\/#\/schema\/logo\/image\/"}}]}},"_links":{"self":[{"href":"https:\/\/www.photo911.fr\/en\/wp-json\/wp\/v2\/pages\/29947","targetHints":{"allow":["GET"]}}],"collection":[{"href":"https:\/\/www.photo911.fr\/en\/wp-json\/wp\/v2\/pages"}],"about":[{"href":"https:\/\/www.photo911.fr\/en\/wp-json\/wp\/v2\/types\/page"}],"author":[{"embeddable":true,"href":"https:\/\/www.photo911.fr\/en\/wp-json\/wp\/v2\/users\/3"}],"replies":[{"embeddable":true,"href":"https:\/\/www.photo911.fr\/en\/wp-json\/wp\/v2\/comments?post=29947"}],"version-history":[{"count":1,"href":"https:\/\/www.photo911.fr\/en\/wp-json\/wp\/v2\/pages\/29947\/revisions"}],"predecessor-version":[{"id":29949,"href":"https:\/\/www.photo911.fr\/en\/wp-json\/wp\/v2\/pages\/29947\/revisions\/29949"}],"wp:attachment":[{"href":"https:\/\/www.photo911.fr\/en\/wp-json\/wp\/v2\/media?parent=29947"}],"curies":[{"name":"wp","href":"https:\/\/api.w.org\/{rel}","templated":true}]}}